{"id":30,"date":"2020-07-14T12:06:36","date_gmt":"2020-07-14T12:06:36","guid":{"rendered":"https:\/\/mada.srl\/?page_id=30"},"modified":"2020-07-14T12:06:36","modified_gmt":"2020-07-14T12:06:36","slug":"macchinari","status":"publish","type":"page","link":"https:\/\/mada.srl\/?page_id=30","title":{"rendered":"Macchinari"},"content":{"rendered":"\n<p>Ecco alcuni dei nostri macchinari<\/p>\n\n\n\n<p style=\"font-size:23px\" class=\"has-text-color has-background has-very-light-gray-color has-very-dark-gray-background-color\">JT 100<\/p>\n\n\n\n<figure class=\"wp-block-image alignfull size-large\"><img loading=\"lazy\" decoding=\"async\" width=\"600\" height=\"243\" src=\"https:\/\/mada.srl\/wp-content\/uploads\/2020\/07\/JT100-360-1_1.png\" alt=\"\" class=\"wp-image-14\" srcset=\"https:\/\/mada.srl\/wp-content\/uploads\/2020\/07\/JT100-360-1_1.png 600w, https:\/\/mada.srl\/wp-content\/uploads\/2020\/07\/JT100-360-1_1-300x122.png 300w, https:\/\/mada.srl\/wp-content\/uploads\/2020\/07\/JT100-360-1_1-520x211.png 520w, https:\/\/mada.srl\/wp-content\/uploads\/2020\/07\/JT100-360-1_1-360x146.png 360w, https:\/\/mada.srl\/wp-content\/uploads\/2020\/07\/JT100-360-1_1-250x101.png 250w, https:\/\/mada.srl\/wp-content\/uploads\/2020\/07\/JT100-360-1_1-100x41.png 100w\" sizes=\"(max-width: 600px) 100vw, 600px\" \/><\/figure>\n\n\n\n<p>Il JT100 \u00e8 progettato per fornire energia dove \u00e8 necessario per completare il foro nel modo pi\u00f9 efficiente, senza compromettere la potenza di altre funzioni della macchina.<\/p>\n\n\n\n<p style=\"font-size:23px\" class=\"has-text-color has-background has-very-light-gray-color has-very-dark-gray-background-color\">JT 30 All Terrain<\/p>\n\n\n\n<figure class=\"wp-block-image alignfull size-large\"><img loading=\"lazy\" decoding=\"async\" width=\"561\" height=\"400\" src=\"https:\/\/mada.srl\/wp-content\/uploads\/2020\/07\/JT_AT30_360-1-of-8_0.png\" alt=\"\" class=\"wp-image-11\" srcset=\"https:\/\/mada.srl\/wp-content\/uploads\/2020\/07\/JT_AT30_360-1-of-8_0.png 561w, https:\/\/mada.srl\/wp-content\/uploads\/2020\/07\/JT_AT30_360-1-of-8_0-300x214.png 300w, https:\/\/mada.srl\/wp-content\/uploads\/2020\/07\/JT_AT30_360-1-of-8_0-520x371.png 520w, https:\/\/mada.srl\/wp-content\/uploads\/2020\/07\/JT_AT30_360-1-of-8_0-360x257.png 360w, https:\/\/mada.srl\/wp-content\/uploads\/2020\/07\/JT_AT30_360-1-of-8_0-250x178.png 250w, https:\/\/mada.srl\/wp-content\/uploads\/2020\/07\/JT_AT30_360-1-of-8_0-100x71.png 100w\" sizes=\"(max-width: 561px) 100vw, 561px\" \/><\/figure>\n\n\n\n<p>Il fuoristrada JT30 da 160 CV (119 kW) offre potenza ai vertici della categoria, una pompa di capacit\u00e0 superiore ed elettronica avanzata in un pacchetto facile da usare. Questa tecnologia brevettata consente di azionare meccanicamente il tricono di perforazione tramite una seconda asta interna, e pertanto usando una quantit\u00e0 di fango limitata. Questo sistema di perforazione riesce ad avere elevate prestazioni anche in condizioni di terreno variabili, senza dover sostituire le punte di perforazione.<\/p>\n\n\n\n<p style=\"font-size:23px\" class=\"has-text-color has-background has-very-light-gray-color has-very-dark-gray-background-color\">JT 20<\/p>\n\n\n\n<figure class=\"wp-block-image alignfull size-large\"><img loading=\"lazy\" decoding=\"async\" width=\"600\" height=\"293\" src=\"https:\/\/mada.srl\/wp-content\/uploads\/2020\/07\/JT20DropOut_0.jpg\" alt=\"\" class=\"wp-image-31\" srcset=\"https:\/\/mada.srl\/wp-content\/uploads\/2020\/07\/JT20DropOut_0.jpg 600w, https:\/\/mada.srl\/wp-content\/uploads\/2020\/07\/JT20DropOut_0-300x147.jpg 300w, https:\/\/mada.srl\/wp-content\/uploads\/2020\/07\/JT20DropOut_0-520x254.jpg 520w, https:\/\/mada.srl\/wp-content\/uploads\/2020\/07\/JT20DropOut_0-360x176.jpg 360w, https:\/\/mada.srl\/wp-content\/uploads\/2020\/07\/JT20DropOut_0-250x122.jpg 250w, https:\/\/mada.srl\/wp-content\/uploads\/2020\/07\/JT20DropOut_0-100x49.jpg 100w\" sizes=\"(max-width: 600px) 100vw, 600px\" \/><\/figure>\n\n\n\n<p>JT20 ti consente di fare di pi\u00f9 in modo da poterne fare di pi\u00f9.\u00a0Con un sacco di potenza in dimensioni compatte e nuove funzionalit\u00e0 come una modalit\u00e0 carve facile da usare e un display LCD che fa risparmiare tempo, il JT20 ti aiuta a lavorare pi\u00f9 velocemente in modo da poter affrontare pi\u00f9 lavori.<\/p>\n\n\n\n<p style=\"font-size:23px\" class=\"has-text-color has-background has-very-light-gray-color has-very-dark-gray-background-color\">R10E<\/p>\n\n\n\n<figure class=\"wp-block-image alignfull size-large\"><img loading=\"lazy\" decoding=\"async\" width=\"800\" height=\"800\" src=\"https:\/\/mada.srl\/wp-content\/uploads\/2020\/07\/r10e-1.jpg\" alt=\"\" class=\"wp-image-10\" srcset=\"https:\/\/mada.srl\/wp-content\/uploads\/2020\/07\/r10e-1.jpg 800w, https:\/\/mada.srl\/wp-content\/uploads\/2020\/07\/r10e-1-300x300.jpg 300w, https:\/\/mada.srl\/wp-content\/uploads\/2020\/07\/r10e-1-150x150.jpg 150w, https:\/\/mada.srl\/wp-content\/uploads\/2020\/07\/r10e-1-768x768.jpg 768w, https:\/\/mada.srl\/wp-content\/uploads\/2020\/07\/r10e-1-700x700.jpg 700w, https:\/\/mada.srl\/wp-content\/uploads\/2020\/07\/r10e-1-520x520.jpg 520w, https:\/\/mada.srl\/wp-content\/uploads\/2020\/07\/r10e-1-360x360.jpg 360w, https:\/\/mada.srl\/wp-content\/uploads\/2020\/07\/r10e-1-250x250.jpg 250w, https:\/\/mada.srl\/wp-content\/uploads\/2020\/07\/r10e-1-100x100.jpg 100w\" sizes=\"(max-width: 800px) 100vw, 800px\" \/><\/figure>\n\n\n\n<p>Il sistema di recupero fanghi R10E \u00e8 costruito per soddisfare la capacit\u00e0 richiesta. Le pompe per attrezzature di recupero sono di standard internazionali noti e sono realizzate in acciaio fuso in ghisa dura resistente all&#8217;usura, hanno guarnizioni meccaniche per alberi di lunga durata con imballi di backup.<\/p>\n","protected":false},"excerpt":{"rendered":"<p>Ecco alcuni dei nostri macchinari JT 100 Il JT100 \u00e8 progettato per fornire energia dove \u00e8 necessario per completare il foro nel modo pi\u00f9 efficiente, senza compromettere la potenza di altre funzioni della macchina. JT 30 All Terrain Il fuoristrada [&hellip;]<\/p>\n","protected":false},"author":1,"featured_media":0,"parent":0,"menu_order":0,"comment_status":"closed","ping_status":"closed","template":"","meta":{"footnotes":""},"_links":{"self":[{"href":"https:\/\/mada.srl\/index.php?rest_route=\/wp\/v2\/pages\/30"}],"collection":[{"href":"https:\/\/mada.srl\/index.php?rest_route=\/wp\/v2\/pages"}],"about":[{"href":"https:\/\/mada.srl\/index.php?rest_route=\/wp\/v2\/types\/page"}],"author":[{"embeddable":true,"href":"https:\/\/mada.srl\/index.php?rest_route=\/wp\/v2\/users\/1"}],"replies":[{"embeddable":true,"href":"https:\/\/mada.srl\/index.php?rest_route=%2Fwp%2Fv2%2Fcomments&post=30"}],"version-history":[{"count":1,"href":"https:\/\/mada.srl\/index.php?rest_route=\/wp\/v2\/pages\/30\/revisions"}],"predecessor-version":[{"id":33,"href":"https:\/\/mada.srl\/index.php?rest_route=\/wp\/v2\/pages\/30\/revisions\/33"}],"wp:attachment":[{"href":"https:\/\/mada.srl\/index.php?rest_route=%2Fwp%2Fv2%2Fmedia&parent=30"}],"curies":[{"name":"wp","href":"https:\/\/api.w.org\/{rel}","templated":true}]}}